{"id":4533,"date":"2023-11-30T13:59:32","date_gmt":"2023-11-30T13:59:32","guid":{"rendered":"https:\/\/www.casababi.com\/vilanculos\/scuba-diving-snorkeling"},"modified":"2025-04-12T06:00:19","modified_gmt":"2025-04-12T06:00:19","slug":"plongee-snorkeling","status":"publish","type":"page","link":"https:\/\/www.casababi.com\/fr\/vilanculos\/plongee-snorkeling","title":{"rendered":"Plong\u00e9e sous-marine et snorkeling"},"content":{"rendered":"","protected":false},"excerpt":{"rendered":"","protected":false},"author":1,"featured_media":3940,"parent":4069,"menu_order":0,"comment_status":"closed","ping_status":"closed","template":"","meta":{"_acf_changed":false,"_seopress_robots_primary_cat":"","_seopress_titles_title":"Plong\u00e9e et Snorkeling \u00e0 Vilanculos et Bazaruto avec Odyssea Dive","_seopress_titles_desc":"Des \u00eeles de Bazaruto, Santa Carolina et Magaruque au c\u00e9l\u00e8bre r\u00e9cif de Two Mile et Sao Sebasti\u00e3o. D\u00e9couvrez \"Odyssea Dive\" notre centre de plong\u00e9e PADI \u00e0 Vilanculos!","_seopress_robots_index":"","footnotes":""},"class_list":["post-4533","page","type-page","status-publish","has-post-thumbnail","hentry"],"acf":[],"_links":{"self":[{"href":"https:\/\/www.casababi.com\/fr\/wp-json\/wp\/v2\/pages\/4533","targetHints":{"allow":["GET"]}}],"collection":[{"href":"https:\/\/www.casababi.com\/fr\/wp-json\/wp\/v2\/pages"}],"about":[{"href":"https:\/\/www.casababi.com\/fr\/wp-json\/wp\/v2\/types\/page"}],"author":[{"embeddable":true,"href":"https:\/\/www.casababi.com\/fr\/wp-json\/wp\/v2\/users\/1"}],"replies":[{"embeddable":true,"href":"https:\/\/www.casababi.com\/fr\/wp-json\/wp\/v2\/comments?post=4533"}],"version-history":[{"count":13,"href":"https:\/\/www.casababi.com\/fr\/wp-json\/wp\/v2\/pages\/4533\/revisions"}],"predecessor-version":[{"id":4804,"href":"https:\/\/www.casababi.com\/fr\/wp-json\/wp\/v2\/pages\/4533\/revisions\/4804"}],"up":[{"embeddable":true,"href":"https:\/\/www.casababi.com\/fr\/wp-json\/wp\/v2\/pages\/4069"}],"wp:featuredmedia":[{"embeddable":true,"href":"https:\/\/www.casababi.com\/fr\/wp-json\/wp\/v2\/media\/3940"}],"wp:attachment":[{"href":"https:\/\/www.casababi.com\/fr\/wp-json\/wp\/v2\/media?parent=4533"}],"curies":[{"name":"wp","href":"https:\/\/api.w.org\/{rel}","templated":true}]}}