{"id":4762,"date":"2024-04-11T10:43:39","date_gmt":"2024-04-11T10:43:39","guid":{"rendered":"https:\/\/www.casababi.com\/terms-conditions"},"modified":"2025-04-12T14:45:37","modified_gmt":"2025-04-12T14:45:37","slug":"conditions-generales","status":"publish","type":"page","link":"https:\/\/www.casababi.com\/fr\/conditions-generales","title":{"rendered":"Conditions g\u00e9n\u00e9rales"},"content":{"rendered":"<h2>Votre arriv\u00e9e &amp; les conditions de votre s\u00e9jour<\/h2>\n<ul>\n<li>Nos tarifs incluent un petit d\u00e9jeuner \u00ab\u00a0\u00e0 la carte\u00a0\u00bb et les transferts pour l&rsquo;a\u00e9roport de Vilanculos.<\/li>\n<li>Si vous souhaitez ne pas r\u00e9fl\u00e9chir \u00e0 vos repas pendant votre s\u00e9jour, vous pouvez choisir une formule qui inclut les d\u00eeners. N&rsquo;h\u00e9sitez pas \u00e0 nous poser la question.<\/li>\n<li>Nous serons ravis d&rsquo;accueillir les enfants de 7 ans et plus.<\/li>\n<li>Il est interdit de fumer dans les chambres.<\/li>\n<li>Check-in \u00e0 partir de 14h00 &#8211; Check out avant 10h30 \u2013 des d\u00e9parts plus tardifs et des arriv\u00e9es plus t\u00f4t peuvent \u00eatre organis\u00e9s en fonction de la disponibilit\u00e9 des chambres.<\/li>\n<li>Merci de prendre en consid\u00e9ration que nous avons 4 chiens. Ils sont tr\u00e8s gentils et bien \u00e9lev\u00e9s et ne vous importuneront pas. Si vous souhaitez s\u00e9journer avec votre animal de compagnie, n&rsquo;h\u00e9sitez pas \u00e0 nous le demander.<\/li>\n<\/ul>\n<h2>Offres sp\u00e9ciales &amp; Packages<\/h2>\n<ul>\n<li>Nous offrons des tarifs pr\u00e9f\u00e9rentiels aux r\u00e9sidents SADC (nous vous demanderons une preuve de votre r\u00e9sidence en Afrique Australe)<\/li>\n<li>S\u00e9jour de 6 nuits minimum \u2013 1 nuit offerte (cette offre ne s&rsquo;applique pas aux s\u00e9jours du 20 D\u00e9cembre au 6 Janvier)<\/li>\n<li>S\u00e9jour minimum de 2 nuits &#8211; du 20 D\u00e9cembre au 6 janvier, s\u00e9jour minimum de 4 nuits.<\/li>\n<\/ul>\n<h2>Conditions de r\u00e9servation et d&rsquo;annulation<\/h2>\n<ul>\n<li>Un acompte non remboursable, de 30% du montant total de votre r\u00e9servation est exig\u00e9 pour confirmer votre r\u00e9servation.<\/li>\n<li>Le r\u00e9glement total de votre s\u00e9jour vous sera demand\u00e9 30 jours avant la date d&rsquo;arriv\u00e9e.<\/li>\n<li>Toutes les demandes d&rsquo;anulation doivent \u00eatre envoy\u00e9es par e-mail \u00e0 info@casababi.com<\/li>\n<li>En cas d&rsquo;annulation plus de 30 jours avant la date d&rsquo;ariv\u00e9e, 30% du montant total de votre r\u00e9servation sera retenu.<\/li>\n<li>En cas d&rsquo;annulation moins de 30 jours avant la date d&rsquo;arriv\u00e9e, le montant total du s\u00e9jour sera retenu.<\/li>\n<li>Nos tarifs sont exprim\u00e9s en US$. En cas de paiement effectu\u00e9 dans une autre monnaie, le taux de change du jour s&rsquo;appliquera.<\/li>\n<li>Casa Babi d\u00e9cline toute responsabilit\u00e9 en cas de modification des taux de change.<\/li>\n<li>Les \u00e9ventuels frais \u00a0li\u00e9s au paiement et\/ou aux fluctuations de taux de change seront d\u00e9duits du remboursement.<\/li>\n<li>Aucun remboursement ne sera effectu\u00e9 en cas d&rsquo;arriv\u00e9e tardive ou de non-utilisation d&rsquo;un service inclus dans nos tarifs.<\/li>\n<li>Nous vous recommandons vivement de souscrire une assurance voyage pour couvrir les impr\u00e9vus.<\/li>\n<li>Assurez-vous que votre passeport est valable au moins 6 mois apr\u00e8s votre date d&rsquo;arriv\u00e9e au Mozambique et qu&rsquo;il dispose d&rsquo;au moins 2 pages vierges.<\/li>\n<\/ul>\n<p>&nbsp;<\/p>\n<p>Pour toute demande d&rsquo;informations ou questions suppl\u00e9mentaires, merci de nous contacter par mail \u00e0 <a href=\"mailto:info@casababi.com\">info@casababi.com<\/a> ou par Whatsapp <a href=\"tel:+258844126478\">+258 844 126 478<\/a><\/p>\n","protected":false},"excerpt":{"rendered":"<p>Votre arriv\u00e9e &amp; les conditions de votre s\u00e9jour Nos tarifs incluent un petit d\u00e9jeuner \u00ab\u00a0\u00e0 la carte\u00a0\u00bb et les transferts&#8230;<\/p>\n","protected":false},"author":1,"featured_media":0,"parent":0,"menu_order":0,"comment_status":"closed","ping_status":"closed","template":"page-content.php","meta":{"_acf_changed":false,"_seopress_robots_primary_cat":"","_seopress_titles_title":"Terms & Conditions | Casa Babi Vilanculos","_seopress_titles_desc":"Read the terms and conditions for staying at Casa Babi. Learn about policies for bookings, cancellations, and services in Vilanculos.","_seopress_robots_index":"","footnotes":""},"class_list":["post-4762","page","type-page","status-publish","hentry"],"acf":[],"_links":{"self":[{"href":"https:\/\/www.casababi.com\/fr\/wp-json\/wp\/v2\/pages\/4762","targetHints":{"allow":["GET"]}}],"collection":[{"href":"https:\/\/www.casababi.com\/fr\/wp-json\/wp\/v2\/pages"}],"about":[{"href":"https:\/\/www.casababi.com\/fr\/wp-json\/wp\/v2\/types\/page"}],"author":[{"embeddable":true,"href":"https:\/\/www.casababi.com\/fr\/wp-json\/wp\/v2\/users\/1"}],"replies":[{"embeddable":true,"href":"https:\/\/www.casababi.com\/fr\/wp-json\/wp\/v2\/comments?post=4762"}],"version-history":[{"count":5,"href":"https:\/\/www.casababi.com\/fr\/wp-json\/wp\/v2\/pages\/4762\/revisions"}],"predecessor-version":[{"id":4848,"href":"https:\/\/www.casababi.com\/fr\/wp-json\/wp\/v2\/pages\/4762\/revisions\/4848"}],"wp:attachment":[{"href":"https:\/\/www.casababi.com\/fr\/wp-json\/wp\/v2\/media?parent=4762"}],"curies":[{"name":"wp","href":"https:\/\/api.w.org\/{rel}","templated":true}]}}